{"id":1458,"date":"2019-09-14T17:56:13","date_gmt":"2019-09-14T17:56:13","guid":{"rendered":"https:\/\/dreamrentacar-samos.com\/de\/?page_id=1458"},"modified":"2020-02-22T17:27:37","modified_gmt":"2020-02-22T17:27:37","slug":"about-us","status":"publish","type":"page","link":"https:\/\/dreamrentacar-samos.com\/de\/about-us\/","title":{"rendered":"Profil"},"content":{"rendered":"<div class=\"wpb-content-wrapper\"><p>[vc_row][vc_column]<div class=\"cz_gap clr  hide_on_tablet hide_on_mobile\" style=\"height: 50px\"><\/div><div class=\"cz_gap show_on_tablet clr \" style=\"height: 0px\"><\/div>[\/vc_column][\/vc_row][vc_row][vc_column offset=&#8220;vc_col-lg-6&#8243;]<div class=\"cz_eqh cz_content_box_parent_fx  \"><div id=\"cz_33734\" class=\"cz_33734 cz_content_box clr\"><div class=\"cz_box_front clr\"><div class=\"cz_box_front_inner clr \"><span><\/span><div><div class=\"cz_gap clr \" style=\"height: 40px\"><\/div><div id=\"cz_84127\" class=\"cz_84127 cz_title clr cz_mobile_text_center cz_title_pos_inline\"><div class=\"cz_title_content\"><div class=\"cz_wpe_content\"><h3><span style=\"color: #223d65;\"> \u00dcber uns<\/span><\/h3>\n<\/div><\/div><\/div><div class=\"cz_gap clr \" style=\"height: 20px\"><\/div><div id=\"cz_84414\" class=\"cz_84414 cz_title clr cz_mobile_text_center cz_title_pos_inline\"><div class=\"cz_title_content\"><div class=\"cz_wpe_content\"><p>Wir sind die <a href=\"https:\/\/dreamrentacar-samos.com\/de\/\"><strong>Autovermietung Dream Samos Rent a Car<\/strong><\/a> mit Sitz auf Samos und gro\u00dfer Erfahrung in der Autovermietung. Seit \u00fcber 20 Jahren bieten wir allen unsern Kunden die besten Erfahrungen in der Autovermietung. Ihre Sicherheit und Ihre absolute Zufriedenheit sind unsere unsere oberste Priorit\u00e4t<\/p>\n<p>&nbsp;<\/p>\n<p><span style=\"font-size: 18px; color: #888;\">Alle unsere Fahrzeuge sind neu, sauber und perfekt gewartet. Wir tun was wir k\u00f6nnen, um Ihren unvergesslichen Aufenthalt auf Samos zu gew\u00e4hrleisten. Wir sind immer f\u00fcr Sie da 24 Stunden am Tag, 7 Tage in der Woche, damit sie sicher sind und sich sicher f\u00fchlen. <\/span><\/p>\n<\/div><\/div><\/div><div class=\"cz_gap clr  hide_on_tablet hide_on_mobile\" style=\"height: 100px\"><\/div><div class=\"cz_gap show_on_tablet clr \" style=\"height: 50px\"><\/div>[vc_row_inner][vc_column_inner width=&#8220;1\/2&#8243;]<ul id=\"cz_60331\" class=\"cz_60331 cz_stylish_list clr cz_sl_icon_hover_flash\"><li class=\"clr\"><div class=\"cz_sl_icon\"><i class=\"fa czico-072-check-mark mr10\" ><\/i><\/div><div><span>Freundlicher Service <\/span><\/div><\/li><li class=\"clr\"><div class=\"cz_sl_icon\"><i class=\"fa czico-072-check-mark mr10\" ><\/i><\/div><div><span>Unvergessliche Erfahrung <\/span><\/div><\/li><li class=\"clr\"><div class=\"cz_sl_icon\"><i class=\"fa czico-072-check-mark mr10\" ><\/i><\/div><div><span>Keine  versteckten Kosten<\/span><\/div><\/li><\/ul>[\/vc_column_inner][vc_column_inner width=&#8220;1\/2&#8243;]<ul id=\"cz_94417\" class=\"cz_94417 cz_stylish_list clr cz_sl_icon_hover_zoom_in_fade\"><li class=\"clr\"><div class=\"cz_sl_icon\"><i class=\"fa czico-072-check-mark mr10\" ><\/i><\/div><div><span>Famili\u00e4res Unternehmen<\/span><\/div><\/li><li class=\"clr\"><div class=\"cz_sl_icon\"><i class=\"fa czico-072-check-mark mr10\" ><\/i><\/div><div><span> Wirtschaftliche Preise<\/span><\/div><\/li><li class=\"clr\"><div class=\"cz_sl_icon\"><i class=\"fa czico-072-check-mark mr10\" ><\/i><\/div><div><span> Sicherheit und Zuverl\u00e4ssigkeit <\/span><\/div><\/li><\/ul>[\/vc_column_inner][\/vc_row_inner]<\/div><\/div><\/div><\/div><\/div><div class=\"cz_gap clr  hide_on_tablet hide_on_mobile\" style=\"height: 40px\"><\/div><div class=\"cz_gap show_on_tablet clr \" style=\"height: 80px\"><\/div>[\/vc_column][vc_column offset=&#8220;vc_col-lg-6&#8243;]<div class=\"cz_gap clr \" style=\"height: 40px\"><\/div><div id=\"cz_56731\" class=\"cz_56731 cz_image clr cz_image_no_fx center_on_mobile\"><div class=\"\" ><div class=\"cz_image_in\"><div class=\"cz_main_image\"><img decoding=\"async\" width=\"600\" height=\"573\" src=\"data:image\/svg+xml,%3Csvg%20xmlns%3D&#39;http%3A%2F%2Fwww.w3.org%2F2000%2Fsvg&#39;%20width=&#39;600&#39;%20height=&#39;573&#39;%20viewBox%3D&#39;0%200%20600%20573&#39;%2F%3E\" data-czlz data-src=\"https:\/\/dreamrentacar-samos.com\/de\/wp-content\/uploads\/2019\/09\/womancar.png\" class=\"attachment-full\" alt=\"\" title=\"womancar\" data-srcset=\"https:\/\/dreamrentacar-samos.com\/de\/wp-content\/uploads\/2019\/09\/womancar.png 600w, https:\/\/dreamrentacar-samos.com\/de\/wp-content\/uploads\/2019\/09\/womancar-300x287.png 300w\" data-sizes=\"(max-width: 600px) 100vw, 600px\" \/><\/div><\/div><div class=\"cz_image_caption mt10\"><h3>Der beste Service <br class=\"clr\" \/>bei der Autoververmietung<\/h3>\n<p>professionell, preiswert und immer <br class=\"clr\" \/> mit Bedacht auf Ihre Sicherheit.<\/div><\/div><\/div>[\/vc_column][\/vc_row][vc_row][vc_column]<div class=\"cz_gap clr \" style=\"height: 70px\"><\/div>[\/vc_column][\/vc_row][vc_row][vc_column offset=&#8220;vc_col-lg-6&#8243;]<div id=\"cz_33167\" class=\"cz_33167 cz_image clr cz_image_no_fx center_on_mobile\"><div class=\"\" ><div class=\"cz_image_in\"><div class=\"cz_main_image\"><img decoding=\"async\" width=\"1029\" height=\"928\" src=\"data:image\/svg+xml,%3Csvg%20xmlns%3D&#39;http%3A%2F%2Fwww.w3.org%2F2000%2Fsvg&#39;%20width=&#39;1029&#39;%20height=&#39;928&#39;%20viewBox%3D&#39;0%200%201029%20928&#39;%2F%3E\" data-czlz data-src=\"https:\/\/dreamrentacar-samos.com\/de\/wp-content\/uploads\/2019\/09\/rentacar2-1240x1077.png\" class=\"attachment-full\" alt=\"\" title=\"rentacar2-1240x1077\" data-srcset=\"https:\/\/dreamrentacar-samos.com\/de\/wp-content\/uploads\/2019\/09\/rentacar2-1240x1077.png 1029w, https:\/\/dreamrentacar-samos.com\/de\/wp-content\/uploads\/2019\/09\/rentacar2-1240x1077-300x271.png 300w, https:\/\/dreamrentacar-samos.com\/de\/wp-content\/uploads\/2019\/09\/rentacar2-1240x1077-768x693.png 768w, https:\/\/dreamrentacar-samos.com\/de\/wp-content\/uploads\/2019\/09\/rentacar2-1240x1077-1024x923.png 1024w, https:\/\/dreamrentacar-samos.com\/de\/wp-content\/uploads\/2019\/09\/rentacar2-1240x1077-600x541.png 600w\" data-sizes=\"(max-width: 1029px) 100vw, 1029px\" \/><\/div><\/div><div class=\"cz_image_caption mt10\"><h3>Wir sind immer <br class=\"clr\" \/>f\u00fcr Sie da<\/h3>\n<p>Unser B\u00fcro ist jederzeit bereit, sie zu bedienen <br class=\"clr\" \/> zu jeder Tageszeit.<\/div><\/div><\/div>[\/vc_column][vc_column css=&#8220;.vc_custom_1560683075283{padding-right: 50px !important;padding-left: 50px !important;}&#8220; offset=&#8220;vc_col-lg-6&#8243;]<div class=\"cz_gap clr  hide_on_tablet hide_on_mobile\" style=\"height: 40px\"><\/div><div class=\"cz_gap show_on_tablet clr \" style=\"height: 100px\"><\/div><div id=\"cz_91496\" class=\"cz_91496 cz_title clr cz_mobile_text_center cz_title_pos_inline\"><div class=\"cz_title_content\"><div class=\"cz_wpe_content\"><h3><span style=\"color: #223d65;\">Wir sind spezialisiert auf Autovermietungservice auf Samos. <\/span><\/h3>\n<\/div><\/div><\/div><div class=\"cz_gap clr \" style=\"height: 20px\"><\/div><div id=\"cz_11260\" class=\"cz_11260 cz_title clr cz_mobile_text_center cz_title_pos_inline\"><div class=\"cz_title_content\"><div class=\"cz_wpe_content\"><p>Bei Dream Rent a Car Samos glauben wir an perfekten freundlichen Service mit Professionatlit\u00e4t und vern\u00fcnftigen Preisen. Das ist der Grund, weshalb wir Ihnen unsere Zeit widmen, damit Sie sich sicher sein k\u00f6nnen, dass Ihnen eine Fahrzeugflotte zur Verf\u00fcgung steht, die aus neuen und sicheren Fahrzeugen besteht sowie Fahrzeugzustellung\/-abholung \u00fcberall auf Samos. Wenn Sie sich f\u00fcr eine <a href=\"https:\/\/dreamrentacar-samos.com\/de\/\">Autovermietung auf Samos<\/a> interessieren, sind wir die beste Wahl!<\/p>\n<\/div><\/div><\/div><div class=\"cz_gap clr \" style=\"height: 50px\"><\/div><div id=\"cz_80059\" class=\"cz_80059 cz_title clr cz_mobile_text_center cz_title_pos_inline\"><div class=\"cz_title_content\"><div class=\"cz_wpe_content\"><p>Unsere ausgezeichneten Preise, die sofortige R\u00fcckmeldung, der rund um die Uhr Service und das schnelle und einfache Buchungsverfahren sind nur wenige der Dienstleistungen, von Dream Rent A Car auf Samos, so dass Sie die wundersch\u00f6ne Insel Samos von K\u00fcste zu K\u00fcste erforschen k\u00f6nnen.<\/p>\n<\/div><\/div><\/div>[\/vc_column][\/vc_row][vc_row][vc_column]<div class=\"cz_gap clr  hide_on_tablet hide_on_mobile\" style=\"height: 150px\"><\/div><div class=\"cz_gap show_on_tablet clr \" style=\"height: 100px\"><\/div>[\/vc_column][\/vc_row]<\/p>\n<\/div>","protected":false},"excerpt":{"rendered":"<p>[vc_row][vc_column][\/vc_column][\/vc_row][vc_row][vc_column offset=&#8220;vc_col-lg-6&#8243;][\/vc_column][vc_column offset=&#8220;vc_col-lg-6&#8243;][\/vc_column][\/vc_row][vc_row][vc_column][\/vc_column][\/vc_row][vc_row][vc_column offset=&#8220;vc_col-lg-6&#8243;][\/vc_column][vc_column css=&#8220;.vc_custom_1560683075283{padding-right: 50px !important;padding-left: 50px !important;}&#8220; offset=&#8220;vc_col-lg-6&#8243;][\/vc_column][\/vc_row][vc_row][vc_column][\/vc_column][\/vc_row] &#8230; <\/p>\n","protected":false},"author":2,"featured_media":0,"parent":0,"menu_order":0,"comment_status":"closed","ping_status":"closed","template":"","meta":{"footnotes":""},"class_list":["post-1458","page","type-page","status-publish","hentry"],"yoast_head":"<!-- This site is optimized with the Yoast SEO Premium plugin v24.3 (Yoast SEO v24.3) - https:\/\/yoast.com\/wordpress\/plugins\/seo\/ -->\n<title>Profil - Samos Rent a Car<\/title>\n<meta name=\"robots\" content=\"index, follow, max-snippet:-1, max-image-preview:large, max-video-preview:-1\" \/>\n<link rel=\"canonical\" href=\"https:\/\/dreamrentacar-samos.com\/de\/about-us\/\" \/>\n<meta property=\"og:locale\" content=\"de_DE\" \/>\n<meta property=\"og:type\" content=\"article\" \/>\n<meta property=\"og:title\" content=\"Profil\" \/>\n<meta property=\"og:description\" content=\"[vc_row][vc_column][\/vc_column][\/vc_row][vc_row][vc_column offset=&#8220;vc_col-lg-6&#8243;][\/vc_column][vc_column offset=&#8220;vc_col-lg-6&#8243;][\/vc_column][\/vc_row][vc_row][vc_column][\/vc_column][\/vc_row][vc_row][vc_column offset=&#8220;vc_col-lg-6&#8243;][\/vc_column][vc_column css=&#8220;.vc_custom_1560683075283{padding-right: 50px !important;padding-left: 50px !important;}&#8220; offset=&#8220;vc_col-lg-6&#8243;][\/vc_column][\/vc_row][vc_row][vc_column][\/vc_column][\/vc_row] ...\" \/>\n<meta property=\"og:url\" content=\"https:\/\/dreamrentacar-samos.com\/de\/about-us\/\" \/>\n<meta property=\"og:site_name\" content=\"Samos Rent a Car\" \/>\n<meta property=\"article:modified_time\" content=\"2020-02-22T17:27:37+00:00\" \/>\n<meta name=\"twitter:card\" content=\"summary_large_image\" \/>\n<meta name=\"twitter:label1\" content=\"Gesch\u00e4tzte Lesezeit\" \/>\n\t<meta name=\"twitter:data1\" content=\"4\u00a0Minuten\" \/>\n<script type=\"application\/ld+json\" class=\"yoast-schema-graph\">{\"@context\":\"https:\/\/schema.org\",\"@graph\":[{\"@type\":\"WebPage\",\"@id\":\"https:\/\/dreamrentacar-samos.com\/de\/about-us\/\",\"url\":\"https:\/\/dreamrentacar-samos.com\/de\/about-us\/\",\"name\":\"Profil - Samos Rent a Car\",\"isPartOf\":{\"@id\":\"https:\/\/dreamrentacar-samos.com\/de\/#website\"},\"datePublished\":\"2019-09-14T17:56:13+00:00\",\"dateModified\":\"2020-02-22T17:27:37+00:00\",\"breadcrumb\":{\"@id\":\"https:\/\/dreamrentacar-samos.com\/de\/about-us\/#breadcrumb\"},\"inLanguage\":\"de\",\"potentialAction\":[{\"@type\":\"ReadAction\",\"target\":[\"https:\/\/dreamrentacar-samos.com\/de\/about-us\/\"]}]},{\"@type\":\"BreadcrumbList\",\"@id\":\"https:\/\/dreamrentacar-samos.com\/de\/about-us\/#breadcrumb\",\"itemListElement\":[{\"@type\":\"ListItem\",\"position\":1,\"name\":\"Home\",\"item\":\"https:\/\/dreamrentacar-samos.com\/de\/\"},{\"@type\":\"ListItem\",\"position\":2,\"name\":\"Profil\"}]},{\"@type\":\"WebSite\",\"@id\":\"https:\/\/dreamrentacar-samos.com\/de\/#website\",\"url\":\"https:\/\/dreamrentacar-samos.com\/de\/\",\"name\":\"Samos Rent a Car\",\"description\":\"Premium Car Rental Services in Samos\",\"potentialAction\":[{\"@type\":\"SearchAction\",\"target\":{\"@type\":\"EntryPoint\",\"urlTemplate\":\"https:\/\/dreamrentacar-samos.com\/de\/?s={search_term_string}\"},\"query-input\":{\"@type\":\"PropertyValueSpecification\",\"valueRequired\":true,\"valueName\":\"search_term_string\"}}],\"inLanguage\":\"de\"}]}<\/script>\n<!-- \/ Yoast SEO Premium plugin. -->","yoast_head_json":{"title":"Profil - Samos Rent a Car","robots":{"index":"index","follow":"follow","max-snippet":"max-snippet:-1","max-image-preview":"max-image-preview:large","max-video-preview":"max-video-preview:-1"},"canonical":"https:\/\/dreamrentacar-samos.com\/de\/about-us\/","og_locale":"de_DE","og_type":"article","og_title":"Profil","og_description":"[vc_row][vc_column][\/vc_column][\/vc_row][vc_row][vc_column offset=&#8220;vc_col-lg-6&#8243;][\/vc_column][vc_column offset=&#8220;vc_col-lg-6&#8243;][\/vc_column][\/vc_row][vc_row][vc_column][\/vc_column][\/vc_row][vc_row][vc_column offset=&#8220;vc_col-lg-6&#8243;][\/vc_column][vc_column css=&#8220;.vc_custom_1560683075283{padding-right: 50px !important;padding-left: 50px !important;}&#8220; offset=&#8220;vc_col-lg-6&#8243;][\/vc_column][\/vc_row][vc_row][vc_column][\/vc_column][\/vc_row] ...","og_url":"https:\/\/dreamrentacar-samos.com\/de\/about-us\/","og_site_name":"Samos Rent a Car","article_modified_time":"2020-02-22T17:27:37+00:00","twitter_card":"summary_large_image","twitter_misc":{"Gesch\u00e4tzte Lesezeit":"4\u00a0Minuten"},"schema":{"@context":"https:\/\/schema.org","@graph":[{"@type":"WebPage","@id":"https:\/\/dreamrentacar-samos.com\/de\/about-us\/","url":"https:\/\/dreamrentacar-samos.com\/de\/about-us\/","name":"Profil - Samos Rent a Car","isPartOf":{"@id":"https:\/\/dreamrentacar-samos.com\/de\/#website"},"datePublished":"2019-09-14T17:56:13+00:00","dateModified":"2020-02-22T17:27:37+00:00","breadcrumb":{"@id":"https:\/\/dreamrentacar-samos.com\/de\/about-us\/#breadcrumb"},"inLanguage":"de","potentialAction":[{"@type":"ReadAction","target":["https:\/\/dreamrentacar-samos.com\/de\/about-us\/"]}]},{"@type":"BreadcrumbList","@id":"https:\/\/dreamrentacar-samos.com\/de\/about-us\/#breadcrumb","itemListElement":[{"@type":"ListItem","position":1,"name":"Home","item":"https:\/\/dreamrentacar-samos.com\/de\/"},{"@type":"ListItem","position":2,"name":"Profil"}]},{"@type":"WebSite","@id":"https:\/\/dreamrentacar-samos.com\/de\/#website","url":"https:\/\/dreamrentacar-samos.com\/de\/","name":"Samos Rent a Car","description":"Premium Car Rental Services in Samos","potentialAction":[{"@type":"SearchAction","target":{"@type":"EntryPoint","urlTemplate":"https:\/\/dreamrentacar-samos.com\/de\/?s={search_term_string}"},"query-input":{"@type":"PropertyValueSpecification","valueRequired":true,"valueName":"search_term_string"}}],"inLanguage":"de"}]}},"_links":{"self":[{"href":"https:\/\/dreamrentacar-samos.com\/de\/wp-json\/wp\/v2\/pages\/1458","targetHints":{"allow":["GET"]}}],"collection":[{"href":"https:\/\/dreamrentacar-samos.com\/de\/wp-json\/wp\/v2\/pages"}],"about":[{"href":"https:\/\/dreamrentacar-samos.com\/de\/wp-json\/wp\/v2\/types\/page"}],"author":[{"embeddable":true,"href":"https:\/\/dreamrentacar-samos.com\/de\/wp-json\/wp\/v2\/users\/2"}],"replies":[{"embeddable":true,"href":"https:\/\/dreamrentacar-samos.com\/de\/wp-json\/wp\/v2\/comments?post=1458"}],"version-history":[{"count":0,"href":"https:\/\/dreamrentacar-samos.com\/de\/wp-json\/wp\/v2\/pages\/1458\/revisions"}],"wp:attachment":[{"href":"https:\/\/dreamrentacar-samos.com\/de\/wp-json\/wp\/v2\/media?parent=1458"}],"curies":[{"name":"wp","href":"https:\/\/api.w.org\/{rel}","templated":true}]}}