{"id":1586,"date":"2019-11-10T09:27:04","date_gmt":"2019-11-10T09:27:04","guid":{"rendered":"https:\/\/dreamrentacar-samos.com\/de\/?page_id=1586"},"modified":"2022-11-21T06:46:10","modified_gmt":"2022-11-21T06:46:10","slug":"rental-terms","status":"publish","type":"page","link":"https:\/\/dreamrentacar-samos.com\/de\/rental-terms\/","title":{"rendered":"Mietbedingungen"},"content":{"rendered":"<div class=\"wpb-content-wrapper\"><p>[vc_row][vc_column][vc_column_text]<\/p>\n<h1 style=\"text-align: center;\"><span style=\"font-size: 50px;\">ALLGEMEINE GESCH\u00c4FTSBEDINGUNGEN<\/span><\/h1>\n<p>[\/vc_column_text][\/vc_column][\/vc_row][vc_row][vc_column][vc_column_text]<strong>Papiere zu zeigen<\/strong><\/p>\n<ol>\n<li>Nationale F\u00fchrerscheine ausgestellt in EU, Schweiz, Gro\u00dfbritannien, Israel, Russland werden akzeptiert. In allen anderen F\u00e4llen ist ein internationaler F\u00fchrerschein erforderlich.<\/li>\n<li>Reisepass oder Personalausweis.<\/li>\n<\/ol>\n<p><strong>Alter des Fahrers:<\/strong> Der Fahrer muss mindestens 21 Jahre alt und unter 75 Jahre alt sein und seit mindestens einem Jahr (12 Monate) einen g\u00fcltigen F\u00fchrerschein besitzen. F\u00fcr Fahrer unter 23 Jahren und \u00fcber 75 Jahren wenden Sie sich bitte an uns.<\/p>\n<p><strong>Anzahlung:<\/strong> F\u00fcr Ihre Reservierung ist keine Anzahlung erforderlich.<\/p>\n<p><strong>Kreditkarte:<\/strong> F\u00fcr Ihre Reservierung ist keine Kreditkarte erforderlich.<\/p>\n<p><strong>Stornierungsbedingungen:<\/strong> F\u00fcr alle Reservierungen fallen keine Stornierungsgeb\u00fchren an. Deshalb verlangen wir f\u00fcr Ihre Reservierung keine Kartenkaution.<\/p>\n<p><strong>Kilometer:<\/strong> Wir stellen Ihnen kostenlose Kilometer zur Verf\u00fcgung, damit Sie Samos ganz einfach erkunden k\u00f6nnen.<\/p>\n<p><strong>Kraftstoffpolitik:<\/strong> Der Kraftstoff wird vom Mieter bezahlt. Bringen Sie es auf den gleichen Tankstand zur\u00fcck, wo Sie das Auto abholen.<\/p>\n<p><strong>\u00dcberf\u00fchrung mit Schiff:<\/strong> Es ist nicht erlaubt, das Auto mit Schiff an einen anderen Bestimmungsort zu \u00fcberf\u00fchren.<\/p>\n<p><strong>Zusatzfahrer:<\/strong> Kostenlos f\u00fcr den ersten.<\/p>\n<p><strong>Zahlungsbedingungen:<\/strong> Die Zahlung erfolgt bei Abholung des Fahrzeugs. Wir verlangen keine Anzahlung, um Ihr Auto zu reservieren. Die Zahlung kann bar oder mit Kreditkarte erfolgen.<\/p>\n<p><strong>Meine Buchung \u00e4ndern:<\/strong> Das ist immer m\u00f6glich. Nehmen Sie gerne Kontakt mit uns auf.<\/p>\n<p><strong>Fahrzeugtyp \u00e4ndern:<\/strong> Das Unternehmen beh\u00e4lt sich das Recht vor, einen anderen Fahrzeugtyp als den in der urspr\u00fcnglichen Buchung angegebenen aus einer gleichwertigen oder h\u00f6heren Kategorie bereitzustellen.<\/p>\n<p><strong>Voller Versicherungsschutz ohne Selbstbeteiligung in unseren Preisen enthalten: <\/strong>Durch die Versicherung ist der Kunde im Falle eines Unfalls vollst\u00e4ndig von seiner Verantwortung befreit. Versichert sind Sch\u00e4den des Mieters sowie Sch\u00e4den Dritter, sofern der Mieter nicht gegen die <strong>Stra\u00dfenverkehrsordnung<\/strong> (<strong>Geschwindigkeitsbegrenzungen,<\/strong> <strong>Verkehrszeichen<\/strong> etc.) und die <strong>Vertragsbedingungen verst\u00f6\u00dft<\/strong>.<\/p>\n<p><strong>Das Versicherungspaket gilt nicht bei fahrl\u00e4ssigem Fahren<\/strong><strong>,<\/strong> wenn der Fahrer des Fahrzeugs unter dem Einfluss von Drogen oder Alkohol steht. Fahren abseits der Stra\u00dfe (Jeep ist eine Ausnahme), Fahren auf nicht zugelassenen \/ unbefestigten Stra\u00dfen.<\/p>\n<p><strong>Schl\u00fcsselverlust:<\/strong> Der Versicherungsschutz deckt die Kosten f\u00fcr fehlende Schl\u00fcssel nicht ab.<\/p>\n<p><strong>Bu\u00dfgelder:<\/strong> Der Mieter haftet f\u00fcr die Zahlung aller Bu\u00dfgelder, die w\u00e4hrend der Autovermietung auftreten k\u00f6nnen.<\/p>\n<p>Fahren von jemandem, der nicht im Mietvertrag steht: Es ist verboten, unsere Fahrzeuge von einer Person zu fahren, die nicht von unserem Unternehmen zugelassen und nicht im Mietvertrag enthalten ist.<\/p>\n<p><strong>Kindersitze:<\/strong> Kostenlos nach Reservierung.<\/p>\n<p><strong>Bringen Sie das Auto fr\u00fcher als vereinbart zur\u00fcck:<\/strong> Falls Sie das Auto fr\u00fcher als vereinbart zur\u00fcckbringen, k\u00f6nnen wir keine R\u00fcckerstattung leisten, wenn Sie das Fahrzeug vorzeitig zur\u00fcckgeben.<\/p>\n<p><strong>Verl\u00e4ngern Sie die Mietdauer:<\/strong> Falls Sie Ihre Mietdauer \u00fcber den vereinbarten Zeitraum hinaus verl\u00e4ngern m\u00f6chten, teilen Sie uns dies bitte im Voraus mit, je nach Verf\u00fcgbarkeit, wir werden jedoch unser Bestes tun, um Sie zufrieden zu stellen.<\/p>\n<p>Mehrwertsteuer und Steuern: In unseren Preisen enthalten.<\/p>\n<p><strong>Noch eine Frage?<\/strong> Nehmen Sie gerne Kontakt mit uns auf. Wir helfen Ihnen gerne weiter. Senden Sie uns eine E-Mail an: <a href=\"mailto:info@dreamrentacar-samos.com\">info@dreamrentacar-samos.com<\/a><\/p>\n<p>[\/vc_column_text][\/vc_column][\/vc_row]<\/p>\n<\/div>","protected":false},"excerpt":{"rendered":"<p>[vc_row][vc_column][vc_column_text] ALLGEMEINE GESCH\u00c4FTSBEDINGUNGEN [\/vc_column_text][\/vc_column][\/vc_row][vc_row][vc_column][vc_column_text]Papiere zu zeigen Nationale F\u00fchrerscheine ausgestellt in EU, &#8230; <\/p>\n","protected":false},"author":2,"featured_media":0,"parent":0,"menu_order":0,"comment_status":"closed","ping_status":"closed","template":"","meta":{"footnotes":""},"class_list":["post-1586","page","type-page","status-publish","hentry"],"yoast_head":"<!-- This site is optimized with the Yoast SEO Premium plugin v24.3 (Yoast SEO v24.3) - https:\/\/yoast.com\/wordpress\/plugins\/seo\/ -->\n<title>Mietbedingungen - Samos Rent a Car<\/title>\n<meta name=\"robots\" content=\"index, follow, max-snippet:-1, max-image-preview:large, max-video-preview:-1\" \/>\n<link rel=\"canonical\" href=\"https:\/\/dreamrentacar-samos.com\/de\/rental-terms\/\" \/>\n<meta property=\"og:locale\" content=\"de_DE\" \/>\n<meta property=\"og:type\" content=\"article\" \/>\n<meta property=\"og:title\" content=\"Mietbedingungen\" \/>\n<meta property=\"og:description\" content=\"[vc_row][vc_column][vc_column_text] ALLGEMEINE GESCH\u00c4FTSBEDINGUNGEN [\/vc_column_text][\/vc_column][\/vc_row][vc_row][vc_column][vc_column_text]Papiere zu zeigen Nationale F\u00fchrerscheine ausgestellt in EU, ...\" \/>\n<meta property=\"og:url\" content=\"https:\/\/dreamrentacar-samos.com\/de\/rental-terms\/\" \/>\n<meta property=\"og:site_name\" content=\"Samos Rent a Car\" \/>\n<meta property=\"article:modified_time\" content=\"2022-11-21T06:46:10+00:00\" \/>\n<meta name=\"twitter:card\" content=\"summary_large_image\" \/>\n<meta name=\"twitter:label1\" content=\"Gesch\u00e4tzte Lesezeit\" \/>\n\t<meta name=\"twitter:data1\" content=\"3\u00a0Minuten\" \/>\n<script type=\"application\/ld+json\" class=\"yoast-schema-graph\">{\"@context\":\"https:\/\/schema.org\",\"@graph\":[{\"@type\":\"WebPage\",\"@id\":\"https:\/\/dreamrentacar-samos.com\/de\/rental-terms\/\",\"url\":\"https:\/\/dreamrentacar-samos.com\/de\/rental-terms\/\",\"name\":\"Mietbedingungen - Samos Rent a Car\",\"isPartOf\":{\"@id\":\"https:\/\/dreamrentacar-samos.com\/de\/#website\"},\"datePublished\":\"2019-11-10T09:27:04+00:00\",\"dateModified\":\"2022-11-21T06:46:10+00:00\",\"breadcrumb\":{\"@id\":\"https:\/\/dreamrentacar-samos.com\/de\/rental-terms\/#breadcrumb\"},\"inLanguage\":\"de\",\"potentialAction\":[{\"@type\":\"ReadAction\",\"target\":[\"https:\/\/dreamrentacar-samos.com\/de\/rental-terms\/\"]}]},{\"@type\":\"BreadcrumbList\",\"@id\":\"https:\/\/dreamrentacar-samos.com\/de\/rental-terms\/#breadcrumb\",\"itemListElement\":[{\"@type\":\"ListItem\",\"position\":1,\"name\":\"Home\",\"item\":\"https:\/\/dreamrentacar-samos.com\/de\/\"},{\"@type\":\"ListItem\",\"position\":2,\"name\":\"Mietbedingungen\"}]},{\"@type\":\"WebSite\",\"@id\":\"https:\/\/dreamrentacar-samos.com\/de\/#website\",\"url\":\"https:\/\/dreamrentacar-samos.com\/de\/\",\"name\":\"Samos Rent a Car\",\"description\":\"Premium Car Rental Services in Samos\",\"potentialAction\":[{\"@type\":\"SearchAction\",\"target\":{\"@type\":\"EntryPoint\",\"urlTemplate\":\"https:\/\/dreamrentacar-samos.com\/de\/?s={search_term_string}\"},\"query-input\":{\"@type\":\"PropertyValueSpecification\",\"valueRequired\":true,\"valueName\":\"search_term_string\"}}],\"inLanguage\":\"de\"}]}<\/script>\n<!-- \/ Yoast SEO Premium plugin. -->","yoast_head_json":{"title":"Mietbedingungen - Samos Rent a Car","robots":{"index":"index","follow":"follow","max-snippet":"max-snippet:-1","max-image-preview":"max-image-preview:large","max-video-preview":"max-video-preview:-1"},"canonical":"https:\/\/dreamrentacar-samos.com\/de\/rental-terms\/","og_locale":"de_DE","og_type":"article","og_title":"Mietbedingungen","og_description":"[vc_row][vc_column][vc_column_text] ALLGEMEINE GESCH\u00c4FTSBEDINGUNGEN [\/vc_column_text][\/vc_column][\/vc_row][vc_row][vc_column][vc_column_text]Papiere zu zeigen Nationale F\u00fchrerscheine ausgestellt in EU, ...","og_url":"https:\/\/dreamrentacar-samos.com\/de\/rental-terms\/","og_site_name":"Samos Rent a Car","article_modified_time":"2022-11-21T06:46:10+00:00","twitter_card":"summary_large_image","twitter_misc":{"Gesch\u00e4tzte Lesezeit":"3\u00a0Minuten"},"schema":{"@context":"https:\/\/schema.org","@graph":[{"@type":"WebPage","@id":"https:\/\/dreamrentacar-samos.com\/de\/rental-terms\/","url":"https:\/\/dreamrentacar-samos.com\/de\/rental-terms\/","name":"Mietbedingungen - Samos Rent a Car","isPartOf":{"@id":"https:\/\/dreamrentacar-samos.com\/de\/#website"},"datePublished":"2019-11-10T09:27:04+00:00","dateModified":"2022-11-21T06:46:10+00:00","breadcrumb":{"@id":"https:\/\/dreamrentacar-samos.com\/de\/rental-terms\/#breadcrumb"},"inLanguage":"de","potentialAction":[{"@type":"ReadAction","target":["https:\/\/dreamrentacar-samos.com\/de\/rental-terms\/"]}]},{"@type":"BreadcrumbList","@id":"https:\/\/dreamrentacar-samos.com\/de\/rental-terms\/#breadcrumb","itemListElement":[{"@type":"ListItem","position":1,"name":"Home","item":"https:\/\/dreamrentacar-samos.com\/de\/"},{"@type":"ListItem","position":2,"name":"Mietbedingungen"}]},{"@type":"WebSite","@id":"https:\/\/dreamrentacar-samos.com\/de\/#website","url":"https:\/\/dreamrentacar-samos.com\/de\/","name":"Samos Rent a Car","description":"Premium Car Rental Services in Samos","potentialAction":[{"@type":"SearchAction","target":{"@type":"EntryPoint","urlTemplate":"https:\/\/dreamrentacar-samos.com\/de\/?s={search_term_string}"},"query-input":{"@type":"PropertyValueSpecification","valueRequired":true,"valueName":"search_term_string"}}],"inLanguage":"de"}]}},"_links":{"self":[{"href":"https:\/\/dreamrentacar-samos.com\/de\/wp-json\/wp\/v2\/pages\/1586","targetHints":{"allow":["GET"]}}],"collection":[{"href":"https:\/\/dreamrentacar-samos.com\/de\/wp-json\/wp\/v2\/pages"}],"about":[{"href":"https:\/\/dreamrentacar-samos.com\/de\/wp-json\/wp\/v2\/types\/page"}],"author":[{"embeddable":true,"href":"https:\/\/dreamrentacar-samos.com\/de\/wp-json\/wp\/v2\/users\/2"}],"replies":[{"embeddable":true,"href":"https:\/\/dreamrentacar-samos.com\/de\/wp-json\/wp\/v2\/comments?post=1586"}],"version-history":[{"count":2,"href":"https:\/\/dreamrentacar-samos.com\/de\/wp-json\/wp\/v2\/pages\/1586\/revisions"}],"predecessor-version":[{"id":1655,"href":"https:\/\/dreamrentacar-samos.com\/de\/wp-json\/wp\/v2\/pages\/1586\/revisions\/1655"}],"wp:attachment":[{"href":"https:\/\/dreamrentacar-samos.com\/de\/wp-json\/wp\/v2\/media?parent=1586"}],"curies":[{"name":"wp","href":"https:\/\/api.w.org\/{rel}","templated":true}]}}